{"id":23,"date":"2014-11-23T19:54:54","date_gmt":"2014-11-23T19:54:54","guid":{"rendered":"https:\/\/gs-innstadt.de\/?page_id=23"},"modified":"2025-12-17T08:47:34","modified_gmt":"2025-12-17T08:47:34","slug":"foerderverein","status":"publish","type":"page","link":"https:\/\/gs-innstadt.de\/?page_id=23","title":{"rendered":"F\u00f6rderverein"},"content":{"rendered":"<h2 style=\"text-align: center;\"><strong><span style=\"color: #3366ff;\">Die Vorstandschaft des F\u00f6rdervereins:<\/span><\/strong><\/h2>\n<p>\u00a0<\/p>\n\n\n<div class=\"wp-block-image\"><figure class=\"aligncenter\"><img loading=\"lazy\" decoding=\"async\" width=\"680\" height=\"453\" src=\"https:\/\/gs-innstadt.de\/wp-content\/uploads\/2025\/12\/F\u00f6rderverein-Dez.-2025.jpg\" alt=\"\" class=\"wp-image-7949\" srcset=\"https:\/\/gs-innstadt.de\/wp-content\/uploads\/2025\/12\/F\u00f6rderverein-Dez.-2025.jpg 680w, https:\/\/gs-innstadt.de\/wp-content\/uploads\/2025\/12\/F\u00f6rderverein-Dez.-2025-300x200.jpg 300w\" sizes=\"auto, (max-width: 680px) 100vw, 680px\" \/><figcaption>  Ursula Anetsmann (1. Vorsitzende), Karl-Ferdinand Angermann (2.  Vorsitzender), Gertraud Treitlinger\u00a0 (Schatzmeisterin), Sigrid Koller  (Schulleitung), Monika Oberreuter (Kassenpr\u00fcferin, ehemalige  Schulleiterin), Harald Bruckner (Schriftf\u00fchrer)  <\/figcaption><\/figure><\/div>\n\n\n\n<p><strong>Auf Wunsch der Eltern nach einer Betreuung ihrer Kinder au\u00dferhalb der regul\u00e4ren Schulzeiten wurde im April 1993 der F\u00f6rderverein gegr\u00fcndet. Im September 1993 konnte das Projektmodell \u201eHort an der Grundschule Passau-Innstadt\u201c bereits er\u00f6ffnet werden. Nach nur dreimonatiger Bauzeit bezog man im September 1994 ein neues Hortgeb\u00e4ude, im Jahr 2006 erfolgte ein Anbau und sp\u00e4ter wurde das Haus um eine Terrasse erweitert.<\/strong><\/p>\n<p><strong>Bis zum 31.12.2023 war der F\u00f6rderverein 30 Jahre Tr\u00e4ger des zur Schule geh\u00f6renden Hortes und der Mittagsbetreuung. Durch \u00e4u\u00dferst engagierte Elterninitiative wurde hier eine Oase der Kinderbetreuung geschaffen, auf die er sehr stolz sein kann. Es entstand auch ein Schulgarten, der durch die vielen attraktiven Au\u00dfenspielanlagen auf dem weitl\u00e4ufigen Gel\u00e4nde der Grundschule Passau-Innstadt zu einem Paradies f\u00fcr alle Sch\u00fcler und Sch\u00fclerinnen geworden ist.<\/strong><\/p>\n<p><strong>Der Verein bezuschusst auch immer wieder an der Schule stattfindende Projekte finanziell und wird auch in Zukunft die Schule unterst\u00fctzen bei Anschaffungen und das schulische Leben f\u00f6rdern.<\/strong><\/p>\n<p><strong>Es w\u00fcrde uns freuen, wenn ganz viele Eltern durch ihren Beitritt zum F\u00f6rderverein die vielf\u00e4ltigen Aufgaben zum Wohle aller Kinder an der Grundschule Passau-Innstadt unterst\u00fctzen w\u00fcrden.<\/strong><\/p>\n<p><strong>Die Mitgliedschaft ist verbunden mit einem Jahresbeitrag von mindestens 12 \u20ac, nach oben sind selbstverst\u00e4ndlich keine Grenzen gesetzt. Wir freuen uns auch \u00fcber jede Einzelspende.<\/strong><\/p>\n<p><strong>Bankkonto: Sparkasse Passau<\/strong><\/p>\n<p><strong>BIC: BYLADEM1PAS, IBAN: DE35 7405 0000 0000 080234<\/strong><\/p>\n<p><strong>Beitrittsformulare finden Sie unter dem entsprechenden Link auf dieser Homepage.<\/strong><\/p>\n<p><strong>Sie erhalten sie auch an der Schule oder auf Anforderung \u00fcber:<\/strong><\/p>\n<p><a href=\"mailto:verwaltung.foerderverein@gs-innstadt.de\"><strong>verwaltung.foerderverein@gs-innstadt.de<\/strong><\/a><strong> oder <\/strong><a href=\"mailto:vorstand.foerderverein@gs-innstadt.de\"><strong>vorstand.foerderverein@gs-innstadt.de<\/strong><\/a><\/p>\n<p><strong>F\u00f6rderverein der Grundschule Passau-Innstadt e.V., Otto-Geyer-Str. 3, 94032 Passau<\/strong><\/p>\n","protected":false},"excerpt":{"rendered":"<p>Die Vorstandschaft des F\u00f6rdervereins: \u00a0 Auf Wunsch der Eltern nach einer Betreuung ihrer Kinder au\u00dferhalb der regul\u00e4ren Schulzeiten wurde im [&hellip;]<\/p>\n","protected":false},"author":1,"featured_media":0,"parent":0,"menu_order":13,"comment_status":"open","ping_status":"open","template":"","meta":{"footnotes":""},"class_list":["post-23","page","type-page","status-publish","hentry"],"_links":{"self":[{"href":"https:\/\/gs-innstadt.de\/index.php?rest_route=\/wp\/v2\/pages\/23","targetHints":{"allow":["GET"]}}],"collection":[{"href":"https:\/\/gs-innstadt.de\/index.php?rest_route=\/wp\/v2\/pages"}],"about":[{"href":"https:\/\/gs-innstadt.de\/index.php?rest_route=\/wp\/v2\/types\/page"}],"author":[{"embeddable":true,"href":"https:\/\/gs-innstadt.de\/index.php?rest_route=\/wp\/v2\/users\/1"}],"replies":[{"embeddable":true,"href":"https:\/\/gs-innstadt.de\/index.php?rest_route=%2Fwp%2Fv2%2Fcomments&post=23"}],"version-history":[{"count":16,"href":"https:\/\/gs-innstadt.de\/index.php?rest_route=\/wp\/v2\/pages\/23\/revisions"}],"predecessor-version":[{"id":7950,"href":"https:\/\/gs-innstadt.de\/index.php?rest_route=\/wp\/v2\/pages\/23\/revisions\/7950"}],"wp:attachment":[{"href":"https:\/\/gs-innstadt.de\/index.php?rest_route=%2Fwp%2Fv2%2Fmedia&parent=23"}],"curies":[{"name":"wp","href":"https:\/\/api.w.org\/{rel}","templated":true}]}}