{"id":4598,"date":"2020-04-28T09:13:44","date_gmt":"2020-04-28T09:13:44","guid":{"rendered":"https:\/\/gs-innstadt.de\/?page_id=4598"},"modified":"2024-09-25T08:03:13","modified_gmt":"2024-09-25T08:03:13","slug":"aktuelles","status":"publish","type":"page","link":"https:\/\/gs-innstadt.de\/?page_id=4598","title":{"rendered":"Aktuelles"},"content":{"rendered":"\n<h3 style=\"text-align: center;\">Liebe Eltern,<\/h3>\n<h3 style=\"text-align: center;\"><br \/>aktuell sind s\u00e4mtliche Pl\u00e4tze sowohl im Kinderhort als auch in der offenen Ganztagsbetreuung (ehemals Mittagsbetreuung) vergeben. F\u00fcr beide Bereiche f\u00fchren wir Wartelisten.<br \/><br \/>Falls Sie Interesse an einem Platz haben, senden Sie uns bitte Ihre Kontaktdaten sowie die Daten Ihres Kindes (Vor- und Nachname, Geburtsdatum, Klasse) per E-Mail an <span style=\"color: #0000ff;\"><strong>oase@awo-passau-heining.de<\/strong><\/span>.<br \/><br \/>Nach Eingang und Best\u00e4tigung Ihrer Anfrage wird Ihr Kind auf der Warteliste gef\u00fchrt.<br \/>Bitte beachten Sie, dass wir ausschlie\u00dflich Kinder aufnehmen k\u00f6nnen, die die Grundschule Passau Innstadt besuchen.<\/h3>\n<h3 style=\"text-align: center;\"><br \/>Mit freundlichen Gr\u00fc\u00dfen<br \/><br \/>Florian Vogl, <br \/>Einrichtungsleitung<\/h3>\n<h3>\u00a0<\/h3>\n<h3>\u00a0<\/h3>\n<h3>\u00a0<\/h3>\n<h3>\u00a0<\/h3>\n<p>\u00a0<\/p>\n","protected":false},"excerpt":{"rendered":"<p>Liebe Eltern, aktuell sind s\u00e4mtliche Pl\u00e4tze sowohl im Kinderhort als auch in der offenen Ganztagsbetreuung (ehemals Mittagsbetreuung) vergeben. F\u00fcr beide [&hellip;]<\/p>\n","protected":false},"author":2,"featured_media":0,"parent":21,"menu_order":2,"comment_status":"closed","ping_status":"closed","template":"","meta":{"footnotes":""},"class_list":["post-4598","page","type-page","status-publish","hentry"],"_links":{"self":[{"href":"https:\/\/gs-innstadt.de\/index.php?rest_route=\/wp\/v2\/pages\/4598","targetHints":{"allow":["GET"]}}],"collection":[{"href":"https:\/\/gs-innstadt.de\/index.php?rest_route=\/wp\/v2\/pages"}],"about":[{"href":"https:\/\/gs-innstadt.de\/index.php?rest_route=\/wp\/v2\/types\/page"}],"author":[{"embeddable":true,"href":"https:\/\/gs-innstadt.de\/index.php?rest_route=\/wp\/v2\/users\/2"}],"replies":[{"embeddable":true,"href":"https:\/\/gs-innstadt.de\/index.php?rest_route=%2Fwp%2Fv2%2Fcomments&post=4598"}],"version-history":[{"count":17,"href":"https:\/\/gs-innstadt.de\/index.php?rest_route=\/wp\/v2\/pages\/4598\/revisions"}],"predecessor-version":[{"id":7216,"href":"https:\/\/gs-innstadt.de\/index.php?rest_route=\/wp\/v2\/pages\/4598\/revisions\/7216"}],"up":[{"embeddable":true,"href":"https:\/\/gs-innstadt.de\/index.php?rest_route=\/wp\/v2\/pages\/21"}],"wp:attachment":[{"href":"https:\/\/gs-innstadt.de\/index.php?rest_route=%2Fwp%2Fv2%2Fmedia&parent=4598"}],"curies":[{"name":"wp","href":"https:\/\/api.w.org\/{rel}","templated":true}]}}