{"id":5131,"date":"2021-06-22T11:23:31","date_gmt":"2021-06-22T11:23:31","guid":{"rendered":"https:\/\/gs-innstadt.de\/?page_id=5131"},"modified":"2025-12-01T13:26:58","modified_gmt":"2025-12-01T13:26:58","slug":"oeffnungs-und-schliesstage-2021-22","status":"publish","type":"page","link":"https:\/\/gs-innstadt.de\/?page_id=5131","title":{"rendered":"Schlie\u00dftage 2025"},"content":{"rendered":"\n<h1 style=\"text-align: center;\"><span style=\"color: #3366ff;\">Schlie\u00dftage\u00a0 2025<\/span><\/h1>\n<h2 style=\"text-align: center;\">Weihnachtsferien 2025: geschlossen vom 22.12. bis 31.12.2025<\/h2>\n<h4 style=\"text-align: center;\">Die Schlie\u00dftage sind im Bayerischen Kinderbildungs- und Betreuungsgesetz geregelt.<\/h4>\n<h4 style=\"text-align: center;\">Im Bewilligungsjahr vom 01.01.2025 \u2013 31.12.2025 darf die H\u00f6chstzahl von 30 Tagen nicht \u00fcberschritten werden.<\/h4>\n<h4 style=\"text-align: center;\">Dabei bleiben wie bisher auch bis zu f\u00fcnf zus\u00e4tzliche Schlie\u00dftage zum Zwecke der Teamfortbildung (mit Referenten) des p\u00e4dagogischen Personals unber\u00fchrt. Siehe AMS VI 03\/2013.<\/h4>\n","protected":false},"excerpt":{"rendered":"<p>Schlie\u00dftage\u00a0 2025 Weihnachtsferien 2025: geschlossen vom 22.12. bis 31.12.2025 Die Schlie\u00dftage sind im Bayerischen Kinderbildungs- und Betreuungsgesetz geregelt. Im Bewilligungsjahr [&hellip;]<\/p>\n","protected":false},"author":2,"featured_media":0,"parent":21,"menu_order":5,"comment_status":"closed","ping_status":"closed","template":"","meta":{"footnotes":""},"class_list":["post-5131","page","type-page","status-publish","hentry"],"_links":{"self":[{"href":"https:\/\/gs-innstadt.de\/index.php?rest_route=\/wp\/v2\/pages\/5131","targetHints":{"allow":["GET"]}}],"collection":[{"href":"https:\/\/gs-innstadt.de\/index.php?rest_route=\/wp\/v2\/pages"}],"about":[{"href":"https:\/\/gs-innstadt.de\/index.php?rest_route=\/wp\/v2\/types\/page"}],"author":[{"embeddable":true,"href":"https:\/\/gs-innstadt.de\/index.php?rest_route=\/wp\/v2\/users\/2"}],"replies":[{"embeddable":true,"href":"https:\/\/gs-innstadt.de\/index.php?rest_route=%2Fwp%2Fv2%2Fcomments&post=5131"}],"version-history":[{"count":18,"href":"https:\/\/gs-innstadt.de\/index.php?rest_route=\/wp\/v2\/pages\/5131\/revisions"}],"predecessor-version":[{"id":7920,"href":"https:\/\/gs-innstadt.de\/index.php?rest_route=\/wp\/v2\/pages\/5131\/revisions\/7920"}],"up":[{"embeddable":true,"href":"https:\/\/gs-innstadt.de\/index.php?rest_route=\/wp\/v2\/pages\/21"}],"wp:attachment":[{"href":"https:\/\/gs-innstadt.de\/index.php?rest_route=%2Fwp%2Fv2%2Fmedia&parent=5131"}],"curies":[{"name":"wp","href":"https:\/\/api.w.org\/{rel}","templated":true}]}}