{"id":564,"date":"2015-03-23T11:55:59","date_gmt":"2015-03-23T11:55:59","guid":{"rendered":"https:\/\/gs-innstadt.de\/?page_id=564"},"modified":"2024-12-18T11:13:09","modified_gmt":"2024-12-18T11:13:09","slug":"lernpaten","status":"publish","type":"page","link":"https:\/\/gs-innstadt.de\/?page_id=564","title":{"rendered":"Lernpaten"},"content":{"rendered":"<h2 style=\"text-align: center;\"><span style=\"color: #0000ff;\">Lernpaten an unserer Schule<\/span><\/h2>\n<h4 style=\"text-align: center;\">Unter dem Motto &#8222;Kein Kind und kein Jugendlicher darf verloren gehen&#8220; wurde 2012 das Projekt &#8222;PASSgenAU &#8211; Bildung f\u00fcr JEDEN&#8220; ins Leben gerufen. Es richtet sich an Kinder und Jugendliche und soll durch gezielte Ma\u00dfnahmen dazu beitragen, dass mehr erfolgreiche Schulabschl\u00fcss erreicht werden. Alle an Bildung interessierten Personen, Institutionen und Unternehmen schlie\u00dfen sich zu einem Netzwerk zusammen, um so die bestm\u00f6gliche F\u00f6rderung von Kindern zu gew\u00e4hrleisten.<\/h4>\n<p><img loading=\"lazy\" decoding=\"async\" class=\"aligncenter  wp-image-565\" src=\"https:\/\/gs-innstadt.de\/wp-content\/uploads\/2015\/03\/70f9b5ab03.jpg\" alt=\"70f9b5ab03\" width=\"107\" height=\"107\" \/><\/p>\n<h4 style=\"text-align: center;\">Schulamtsdirektor Klaus Sterner, Projektleiter von PASSgenAU, koordiniert den Kontakt zu den Schulen und analysiert den Bedarf.<\/h4>\n<h4 style=\"text-align: center;\">\u00a0Wir werden seit mehreren Jahren durch den &#8222;Rotary-Club Passau&#8220; finanziell unterst\u00fctzt.<\/h4>\n<h4 style=\"text-align: center;\">Vielen herzlichen Dank daf\u00fcr!<\/h4>\n","protected":false},"excerpt":{"rendered":"<p>Lernpaten an unserer Schule Unter dem Motto &#8222;Kein Kind und kein Jugendlicher darf verloren gehen&#8220; wurde 2012 das Projekt &#8222;PASSgenAU [&hellip;]<\/p>\n","protected":false},"author":2,"featured_media":0,"parent":0,"menu_order":7,"comment_status":"open","ping_status":"open","template":"","meta":{"footnotes":""},"class_list":["post-564","page","type-page","status-publish","hentry"],"_links":{"self":[{"href":"https:\/\/gs-innstadt.de\/index.php?rest_route=\/wp\/v2\/pages\/564","targetHints":{"allow":["GET"]}}],"collection":[{"href":"https:\/\/gs-innstadt.de\/index.php?rest_route=\/wp\/v2\/pages"}],"about":[{"href":"https:\/\/gs-innstadt.de\/index.php?rest_route=\/wp\/v2\/types\/page"}],"author":[{"embeddable":true,"href":"https:\/\/gs-innstadt.de\/index.php?rest_route=\/wp\/v2\/users\/2"}],"replies":[{"embeddable":true,"href":"https:\/\/gs-innstadt.de\/index.php?rest_route=%2Fwp%2Fv2%2Fcomments&post=564"}],"version-history":[{"count":15,"href":"https:\/\/gs-innstadt.de\/index.php?rest_route=\/wp\/v2\/pages\/564\/revisions"}],"predecessor-version":[{"id":7389,"href":"https:\/\/gs-innstadt.de\/index.php?rest_route=\/wp\/v2\/pages\/564\/revisions\/7389"}],"wp:attachment":[{"href":"https:\/\/gs-innstadt.de\/index.php?rest_route=%2Fwp%2Fv2%2Fmedia&parent=564"}],"curies":[{"name":"wp","href":"https:\/\/api.w.org\/{rel}","templated":true}]}}