{"id":7380,"date":"2024-12-09T14:32:33","date_gmt":"2024-12-09T14:32:33","guid":{"rendered":"https:\/\/gs-innstadt.de\/?page_id=7380"},"modified":"2024-12-09T14:37:19","modified_gmt":"2024-12-09T14:37:19","slug":"beitrittserklaerung","status":"publish","type":"page","link":"https:\/\/gs-innstadt.de\/?page_id=7380","title":{"rendered":"Beitrittserkl\u00e4rung"},"content":{"rendered":"\n<p><a href=\"https:\/\/gs-innstadt.de\/wp-content\/uploads\/2024\/12\/Beitrittserkl\u00e4rung-F\u00f6rderverein-Aussenseite.pdf\"><span style=\"color: #0000ff;\">Beitrittserkl\u00e4rung F\u00f6rderverein Aussenseite<\/span><\/a><\/p>\n<p><span style=\"color: #0000ff;\"><a style=\"color: #0000ff;\" href=\"https:\/\/gs-innstadt.de\/wp-content\/uploads\/2024\/12\/Beitrittserkl\u00e4rung-F\u00f6rderverein-Innenseite.pdf\">Beitrittserkl\u00e4rung F\u00f6rderverein Innenseite<\/a><\/span><\/p>\n","protected":false},"excerpt":{"rendered":"<p>Beitrittserkl\u00e4rung F\u00f6rderverein Aussenseite Beitrittserkl\u00e4rung F\u00f6rderverein Innenseite<\/p>\n","protected":false},"author":2,"featured_media":0,"parent":23,"menu_order":1,"comment_status":"closed","ping_status":"closed","template":"","meta":{"footnotes":""},"class_list":["post-7380","page","type-page","status-publish","hentry"],"_links":{"self":[{"href":"https:\/\/gs-innstadt.de\/index.php?rest_route=\/wp\/v2\/pages\/7380","targetHints":{"allow":["GET"]}}],"collection":[{"href":"https:\/\/gs-innstadt.de\/index.php?rest_route=\/wp\/v2\/pages"}],"about":[{"href":"https:\/\/gs-innstadt.de\/index.php?rest_route=\/wp\/v2\/types\/page"}],"author":[{"embeddable":true,"href":"https:\/\/gs-innstadt.de\/index.php?rest_route=\/wp\/v2\/users\/2"}],"replies":[{"embeddable":true,"href":"https:\/\/gs-innstadt.de\/index.php?rest_route=%2Fwp%2Fv2%2Fcomments&post=7380"}],"version-history":[{"count":2,"href":"https:\/\/gs-innstadt.de\/index.php?rest_route=\/wp\/v2\/pages\/7380\/revisions"}],"predecessor-version":[{"id":7383,"href":"https:\/\/gs-innstadt.de\/index.php?rest_route=\/wp\/v2\/pages\/7380\/revisions\/7383"}],"up":[{"embeddable":true,"href":"https:\/\/gs-innstadt.de\/index.php?rest_route=\/wp\/v2\/pages\/23"}],"wp:attachment":[{"href":"https:\/\/gs-innstadt.de\/index.php?rest_route=%2Fwp%2Fv2%2Fmedia&parent=7380"}],"curies":[{"name":"wp","href":"https:\/\/api.w.org\/{rel}","templated":true}]}}